{"id":112,"date":"2023-02-19T09:37:44","date_gmt":"2023-02-19T09:37:44","guid":{"rendered":"http:\/\/xn--avgrneberg-deb.de\/?page_id=112"},"modified":"2026-03-26T08:23:10","modified_gmt":"2026-03-26T08:23:10","slug":"vereins-beitraege-info","status":"publish","type":"page","link":"https:\/\/xn--avgrneberg-deb.de\/?page_id=112","title":{"rendered":"Vereins-Beitr\u00e4ge-Info"},"content":{"rendered":"\n<p class=\"has-kubio-color-6-color has-text-color has-link-color wp-elements-ee33661cb841134319101d9399fbd6fc\" style=\"font-size:25px\"><strong><em>Beitr\u00e4ge k\u00f6nnen per \u00dcberweisung bezahlt werden.<\/em><\/strong><\/p>\n\n\n\n<h2 class=\"wp-block-heading\">Empf\u00e4nger<\/h2>\n\n\n\n<p class=\"has-kubio-color-6-color has-kubio-color-5-background-color has-text-color has-background has-link-color wp-elements-639d5b070d6a7566d427ece70ef3982a\">A.V. Gr\u00fcneberg e.V<\/p>\n\n\n\n<p class=\"has-kubio-color-6-color has-kubio-color-5-background-color has-text-color has-background has-link-color wp-elements-519005b24181853391a72c26fb78fec3\">IBAN: DE64 1009 0000 1222 8030 00<\/p>\n\n\n\n<h2 class=\"wp-block-heading\">Verwendungszweck: <\/h2>\n\n\n\n<p class=\"has-kubio-color-6-color has-kubio-color-5-background-color has-text-color has-background has-link-color wp-elements-bc3622575d129ce65886f4b989b07f8a\">Mitgliedsname ggf. Porto<\/p>\n\n\n\n<h2 class=\"wp-block-heading\">Betr\u00e4ge:<\/h2>\n\n\n\n<p class=\"has-kubio-color-6-color has-kubio-color-5-background-color has-text-color has-background has-link-color wp-elements-2c6f07fc9db5ea8819767e25c14eeffa\">Jugendliche und Sch\u00fcler: 25\u20ac<\/p>\n\n\n\n<p class=\"has-kubio-color-6-color has-kubio-color-5-background-color has-text-color has-background has-link-color wp-elements-589d99648f5fab789d52eb11f9ed4e08\">Vollzahler: 85\u20ac<\/p>\n\n\n\n<p class=\"has-kubio-color-6-color has-kubio-color-5-background-color has-text-color has-background has-link-color wp-elements-34064351b73bec97b6eebf35408efc04\">Passive Mitglieder: 45\u20ac<\/p>\n\n\n\n<p class=\"has-kubio-color-6-color has-kubio-color-5-background-color has-text-color has-background has-link-color wp-elements-661f192020a12c09dd02625961610bfd\">Sozialschwache Mitglieder: 67\u20ac<\/p>\n\n\n\n<p class=\"has-kubio-color-6-color has-kubio-color-5-background-color has-text-color has-background has-link-color wp-elements-808a989ecae1b1c21e3e5100269b7546\">Kahnplatzgeb\u00fchr: 45\u20ac<\/p>\n\n\n\n<p class=\"has-kubio-color-6-color has-kubio-color-5-background-color has-text-color has-background has-link-color wp-elements-23c58c9ca49eb710fc0abbe873207091\">Fischereiabgabemarke: 40\u20ac (4 Jahre), 12\u20ac (1 Jahr) zu zahlen ab dem vollendeten 14. Lebensjahr<\/p>\n\n\n\n<p><\/p>\n","protected":false},"excerpt":{"rendered":"<p>Beitr\u00e4ge k\u00f6nnen per \u00dcberweisung bezahlt werden. Empf\u00e4nger A.V. Gr\u00fcneberg e.V IBAN: DE64 1009 0000 1222 8030 00 Verwendungszweck: Mitgliedsname ggf. Porto Betr\u00e4ge: Jugendliche und Sch\u00fcler: 25\u20ac Vollzahler: 85\u20ac Passive Mitglieder: 45\u20ac Sozialschwache Mitglieder: 67\u20ac Kahnplatzgeb\u00fchr: 45\u20ac Fischereiabgabemarke: 40\u20ac (4 Jahre), 12\u20ac (1 Jahr) zu zahlen ab dem vollendeten 14. Lebensjahr<\/p>\n","protected":false},"author":1,"featured_media":0,"parent":0,"menu_order":0,"comment_status":"closed","ping_status":"closed","template":"","meta":{"saved_in_kubio":false,"footnotes":""},"class_list":["post-112","page","type-page","status-publish","hentry"],"kubio_ai_page_context":{"short_desc":"","purpose":"general"},"_links":{"self":[{"href":"https:\/\/xn--avgrneberg-deb.de\/index.php?rest_route=\/wp\/v2\/pages\/112","targetHints":{"allow":["GET"]}}],"collection":[{"href":"https:\/\/xn--avgrneberg-deb.de\/index.php?rest_route=\/wp\/v2\/pages"}],"about":[{"href":"https:\/\/xn--avgrneberg-deb.de\/index.php?rest_route=\/wp\/v2\/types\/page"}],"author":[{"embeddable":true,"href":"https:\/\/xn--avgrneberg-deb.de\/index.php?rest_route=\/wp\/v2\/users\/1"}],"replies":[{"embeddable":true,"href":"https:\/\/xn--avgrneberg-deb.de\/index.php?rest_route=%2Fwp%2Fv2%2Fcomments&post=112"}],"version-history":[{"count":21,"href":"https:\/\/xn--avgrneberg-deb.de\/index.php?rest_route=\/wp\/v2\/pages\/112\/revisions"}],"predecessor-version":[{"id":558,"href":"https:\/\/xn--avgrneberg-deb.de\/index.php?rest_route=\/wp\/v2\/pages\/112\/revisions\/558"}],"wp:attachment":[{"href":"https:\/\/xn--avgrneberg-deb.de\/index.php?rest_route=%2Fwp%2Fv2%2Fmedia&parent=112"}],"curies":[{"name":"wp","href":"https:\/\/api.w.org\/{rel}","templated":true}]}}